{"id":3802,"date":"2024-12-04T09:38:18","date_gmt":"2024-12-04T08:38:18","guid":{"rendered":"https:\/\/running.renewable-energies-world-race.com\/site-externe\/"},"modified":"2026-04-29T13:38:25","modified_gmt":"2026-04-29T11:38:25","slug":"site-externe","status":"publish","type":"page","link":"https:\/\/running.renewable-energies-world-race.com\/en\/","title":{"rendered":"Site externe"},"content":{"rendered":"\t\t<div data-elementor-type=\"wp-page\" data-elementor-id=\"3802\" class=\"elementor elementor-3802 elementor-3795\" data-elementor-post-type=\"page\">\n\t\t\t\t<div class=\"elementor-element elementor-element-60982e7 e-flex e-con-boxed e-con e-parent\" data-id=\"60982e7\" data-element_type=\"container\">\n\t\t\t\t\t<div class=\"e-con-inner\">\n\t\t<div class=\"elementor-element elementor-element-276bac2 e-con-full e-flex e-con e-child\" data-id=\"276bac2\" data-element_type=\"container\" data-settings=\"{&quot;background_background&quot;:&quot;classic&quot;}\">\n\t\t\t\t<div class=\"elementor-element elementor-element-b6a421e elementor-widget-tablet__width-initial elementor-widget elementor-widget-heading\" data-id=\"b6a421e\" data-element_type=\"widget\" data-widget_type=\"heading.default\">\n\t\t\t\t<div class=\"elementor-widget-container\">\n\t\t\t<style>\/*! elementor - v3.22.0 - 26-06-2024 *\/\n.elementor-heading-title{padding:0;margin:0;line-height:1}.elementor-widget-heading .elementor-heading-title[class*=elementor-size-]>a{color:inherit;font-size:inherit;line-height:inherit}.elementor-widget-heading .elementor-heading-title.elementor-size-small{font-size:15px}.elementor-widget-heading .elementor-heading-title.elementor-size-medium{font-size:19px}.elementor-widget-heading .elementor-heading-title.elementor-size-large{font-size:29px}.elementor-widget-heading .elementor-heading-title.elementor-size-xl{font-size:39px}.elementor-widget-heading .elementor-heading-title.elementor-size-xxl{font-size:59px}<\/style><h2 class=\"elementor-heading-title elementor-size-default\">The World Green Energy Championships<\/h2>\t\t<\/div>\n\t\t\t\t<\/div>\n\t\t\t\t<\/div>\n\t\t<div class=\"elementor-element elementor-element-9170da0 e-flex e-con-boxed e-con e-child\" data-id=\"9170da0\" data-element_type=\"container\">\n\t\t\t\t\t<div class=\"e-con-inner\">\n\t\t\t\t<div class=\"elementor-element elementor-element-8a39675 elementor-widget elementor-widget-text-editor\" data-id=\"8a39675\" data-element_type=\"widget\" data-widget_type=\"text-editor.default\">\n\t\t\t\t<div class=\"elementor-widget-container\">\n\t\t\t<style>\/*! elementor - v3.22.0 - 26-06-2024 *\/\n.elementor-widget-text-editor.elementor-drop-cap-view-stacked .elementor-drop-cap{background-color:#69727d;color:#fff}.elementor-widget-text-editor.elementor-drop-cap-view-framed .elementor-drop-cap{color:#69727d;border:3px solid;background-color:transparent}.elementor-widget-text-editor:not(.elementor-drop-cap-view-default) .elementor-drop-cap{margin-top:8px}.elementor-widget-text-editor:not(.elementor-drop-cap-view-default) .elementor-drop-cap-letter{width:1em;height:1em}.elementor-widget-text-editor .elementor-drop-cap{float:left;text-align:center;line-height:1;font-size:50px}.elementor-widget-text-editor .elementor-drop-cap-letter{display:inline-block}<\/style>\t\t\t\t<p>For the past 10 years, the Green Energy World Championships have brought together athletes from the renewable energy community. In 2025, for both the Cycling and Running editions, more than 85 national and international companies took on the challenge.<\/p>\n<p>In 2025, B\u00e9ziers hosted the Cycling World Championships, and we all experienced wonderful moments of camaraderie and sport. Many thanks again to Mr. Robert M\u00e9nard, Mayor of B\u00e9ziers, and to the B\u00e9ziers M\u00e9diterran\u00e9e Cyclisme club for their warm welcome.<\/p>\n<p>With the Running World Championships, we wanted to give our fellow runners the opportunity to discover our fantastic event. After Montbrison in 2023, the competition was held in Sablet, in the Vaucluse region. More than 35 companies participated in the 12km trail run, the 6km race, and the Plateforme Vertes relay, all held in the charming streets of Sablet.<\/p>\n<p>In 2026, we will return to the Hauts-de-France region in June for the cycling event, and the running event will take place in Besan\u00e7on, Bourgogne-Franche-Comt\u00e9, on September 26, 2026.<\/p>\n\t\t\t\t\t\t<\/div>\n\t\t\t\t<\/div>\n\t\t\t\t\t<\/div>\n\t\t\t\t<\/div>\n\t\t\t\t\t<\/div>\n\t\t\t\t<\/div>\n\t\t<div class=\"elementor-element elementor-element-f44f04f e-flex e-con-boxed e-con e-parent\" data-id=\"f44f04f\" data-element_type=\"container\">\n\t\t\t\t\t<div class=\"e-con-inner\">\n\t\t<div class=\"elementor-element elementor-element-d8fd5cd e-con-full e-flex e-con e-child\" data-id=\"d8fd5cd\" data-element_type=\"container\">\n\t\t<a class=\"elementor-element elementor-element-15b5046 e-con-full e-flex e-con e-child\" data-id=\"15b5046\" data-element_type=\"container\" href=\"https:\/\/running.renewable-energies-world-race.com\/en\/accueil\/\">\n\t\t\t\t<div class=\"elementor-element elementor-element-94e884e elementor-widget elementor-widget-image\" data-id=\"94e884e\" data-element_type=\"widget\" data-widget_type=\"image.default\">\n\t\t\t\t<div class=\"elementor-widget-container\">\n\t\t\t<style>\/*! elementor - v3.22.0 - 26-06-2024 *\/\n.elementor-widget-image{text-align:center}.elementor-widget-image a{display:inline-block}.elementor-widget-image a img[src$=\".svg\"]{width:48px}.elementor-widget-image img{vertical-align:middle;display:inline-block}<\/style>\t\t\t\t\t\t\t\t\t\t<img decoding=\"async\" src=\"https:\/\/running.renewable-energies-world-race.com\/wp-content\/uploads\/2025\/03\/mondial-running.svg\" title=\"\" alt=\"\" loading=\"lazy\" \/>\t\t\t\t\t\t\t\t\t\t\t\t\t<\/div>\n\t\t\t\t<\/div>\n\t\t\t\t<div class=\"elementor-element elementor-element-26b8db4 elementor-widget elementor-widget-heading\" data-id=\"26b8db4\" data-element_type=\"widget\" data-widget_type=\"heading.default\">\n\t\t\t\t<div class=\"elementor-widget-container\">\n\t\t\t<p class=\"elementor-heading-title elementor-size-default\">Visit the Running website<\/p>\t\t<\/div>\n\t\t\t\t<\/div>\n\t\t\t\t<div class=\"elementor-element elementor-element-2e6bd33 elementor-widget elementor-widget-heading\" data-id=\"2e6bd33\" data-element_type=\"widget\" data-widget_type=\"heading.default\">\n\t\t\t\t<div class=\"elementor-widget-container\">\n\t\t\t<p class=\"elementor-heading-title elementor-size-default\">Besan\u00e7on \u2013 Doubs September 26, 2026<\/p>\t\t<\/div>\n\t\t\t\t<\/div>\n\t\t\t\t<\/a>\n\t\t\t\t<div class=\"elementor-element elementor-element-f0d450b elementor-align-center elementor-widget elementor-widget-button\" data-id=\"f0d450b\" data-element_type=\"widget\" data-widget_type=\"button.default\">\n\t\t\t\t<div class=\"elementor-widget-container\">\n\t\t\t\t\t<div class=\"elementor-button-wrapper\">\n\t\t\t<a class=\"elementor-button elementor-button-link elementor-size-sm\" href=\"https:\/\/running.renewable-energies-world-race.com\/wp-content\/uploads\/2026\/04\/Dossier-de-presentation.pdf\" target=\"_blank\">\n\t\t\t\t\t\t<span class=\"elementor-button-content-wrapper\">\n\t\t\t\t\t\t\t\t\t<span class=\"elementor-button-text\">Download the 2026 Road Book<\/span>\n\t\t\t\t\t<\/span>\n\t\t\t\t\t<\/a>\n\t\t<\/div>\n\t\t\t\t<\/div>\n\t\t\t\t<\/div>\n\t\t\t\t<\/div>\n\t\t<div class=\"elementor-element elementor-element-dc5ea12 e-con-full e-flex e-con e-child\" data-id=\"dc5ea12\" data-element_type=\"container\">\n\t\t<a class=\"elementor-element elementor-element-ffd8fde e-con-full e-flex e-con e-child\" data-id=\"ffd8fde\" data-element_type=\"container\" href=\"https:\/\/cycling.renewable-energies-world-race.com\/accueil\/\" target=\"_blank\">\n\t\t\t\t<div class=\"elementor-element elementor-element-3224b1c elementor-widget elementor-widget-image\" data-id=\"3224b1c\" data-element_type=\"widget\" data-widget_type=\"image.default\">\n\t\t\t\t<div class=\"elementor-widget-container\">\n\t\t\t\t\t\t\t\t\t\t\t\t\t<img decoding=\"async\" src=\"https:\/\/running.renewable-energies-world-race.com\/wp-content\/uploads\/2025\/03\/mondial-cycling.svg\" title=\"\" alt=\"\" loading=\"lazy\" \/>\t\t\t\t\t\t\t\t\t\t\t\t\t<\/div>\n\t\t\t\t<\/div>\n\t\t\t\t<div class=\"elementor-element elementor-element-ce834c0 elementor-widget elementor-widget-heading\" data-id=\"ce834c0\" data-element_type=\"widget\" data-widget_type=\"heading.default\">\n\t\t\t\t<div class=\"elementor-widget-container\">\n\t\t\t<p class=\"elementor-heading-title elementor-size-default\">Visit the Cycling website<\/p>\t\t<\/div>\n\t\t\t\t<\/div>\n\t\t\t\t<div class=\"elementor-element elementor-element-4f34536 elementor-widget elementor-widget-heading\" data-id=\"4f34536\" data-element_type=\"widget\" data-widget_type=\"heading.default\">\n\t\t\t\t<div class=\"elementor-widget-container\">\n\t\t\t<p class=\"elementor-heading-title elementor-size-default\">Solre-le-Ch\u00e2teau \u2013 Hauts-de-France June 19\u201320, 2026<\/p>\t\t<\/div>\n\t\t\t\t<\/div>\n\t\t\t\t<\/a>\n\t\t\t\t<div class=\"elementor-element elementor-element-cef6718 elementor-align-center elementor-widget elementor-widget-button\" data-id=\"cef6718\" data-element_type=\"widget\" data-widget_type=\"button.default\">\n\t\t\t\t<div class=\"elementor-widget-container\">\n\t\t\t\t\t<div class=\"elementor-button-wrapper\">\n\t\t\t<a class=\"elementor-button elementor-button-link elementor-size-sm\" href=\"https:\/\/running.renewable-energies-world-race.com\/wp-content\/uploads\/2026\/04\/GUIDE-TECHNIQUE-ENR-2026-V6.pdf\" target=\"_blank\">\n\t\t\t\t\t\t<span class=\"elementor-button-content-wrapper\">\n\t\t\t\t\t\t\t\t\t<span class=\"elementor-button-text\">Download the 2026 Road Book<\/span>\n\t\t\t\t\t<\/span>\n\t\t\t\t\t<\/a>\n\t\t<\/div>\n\t\t\t\t<\/div>\n\t\t\t\t<\/div>\n\t\t\t\t<\/div>\n\t\t\t\t\t<\/div>\n\t\t\t\t<\/div>\n\t\t\t\t<\/div>\n\t\t","protected":false},"excerpt":{"rendered":"<p>Download the 2026 Road Book Download the 2026 Road Book<\/p>\n","protected":false},"author":2,"featured_media":0,"parent":0,"menu_order":0,"comment_status":"closed","ping_status":"closed","template":"elementor_header_footer","meta":{"_acf_changed":false,"footnotes":""},"class_list":["post-3802","page","type-page","status-publish","hentry"],"acf":[],"yoast_head":"<!-- This site is optimized with the Yoast SEO plugin v23.0 - https:\/\/yoast.com\/wordpress\/plugins\/seo\/ -->\n<title>Site externe - Renewable Energies Worlds Race<\/title>\n<meta name=\"robots\" content=\"index, follow, max-snippet:-1, max-image-preview:large, max-video-preview:-1\" \/>\n<link rel=\"canonical\" href=\"https:\/\/running.renewable-energies-world-race.com\/en\/\" \/>\n<meta property=\"og:locale\" content=\"en_US\" \/>\n<meta property=\"og:type\" content=\"article\" \/>\n<meta property=\"og:title\" content=\"Site externe - Renewable Energies Worlds Race\" \/>\n<meta property=\"og:description\" content=\"Download the 2026 Road Book Download the 2026 Road Book\" \/>\n<meta property=\"og:url\" content=\"https:\/\/running.renewable-energies-world-race.com\/en\/\" \/>\n<meta property=\"og:site_name\" content=\"Renewable Energies Worlds Race\" \/>\n<meta property=\"article:modified_time\" content=\"2026-04-29T11:38:25+00:00\" \/>\n<meta name=\"twitter:card\" content=\"summary_large_image\" \/>\n<meta name=\"twitter:label1\" content=\"Est. reading time\" \/>\n\t<meta name=\"twitter:data1\" content=\"2 minutes\" \/>\n<script type=\"application\/ld+json\" class=\"yoast-schema-graph\">{\"@context\":\"https:\/\/schema.org\",\"@graph\":[{\"@type\":\"WebPage\",\"@id\":\"https:\/\/running.renewable-energies-world-race.com\/en\/\",\"url\":\"https:\/\/running.renewable-energies-world-race.com\/en\/\",\"name\":\"Site externe - Renewable Energies Worlds Race\",\"isPartOf\":{\"@id\":\"https:\/\/running.renewable-energies-world-race.com\/en\/#website\"},\"datePublished\":\"2024-12-04T08:38:18+00:00\",\"dateModified\":\"2026-04-29T11:38:25+00:00\",\"breadcrumb\":{\"@id\":\"https:\/\/running.renewable-energies-world-race.com\/en\/#breadcrumb\"},\"inLanguage\":\"en-US\",\"potentialAction\":[{\"@type\":\"ReadAction\",\"target\":[\"https:\/\/running.renewable-energies-world-race.com\/en\/\"]}]},{\"@type\":\"BreadcrumbList\",\"@id\":\"https:\/\/running.renewable-energies-world-race.com\/en\/#breadcrumb\",\"itemListElement\":[{\"@type\":\"ListItem\",\"position\":1,\"name\":\"Accueil\",\"item\":\"https:\/\/running.renewable-energies-world-race.com\/en\/\"},{\"@type\":\"ListItem\",\"position\":2,\"name\":\"Site externe\"}]},{\"@type\":\"WebSite\",\"@id\":\"https:\/\/running.renewable-energies-world-race.com\/en\/#website\",\"url\":\"https:\/\/running.renewable-energies-world-race.com\/en\/\",\"name\":\"Renewable Energies Worlds Race\",\"description\":\"\",\"publisher\":{\"@id\":\"https:\/\/running.renewable-energies-world-race.com\/en\/#organization\"},\"potentialAction\":[{\"@type\":\"SearchAction\",\"target\":{\"@type\":\"EntryPoint\",\"urlTemplate\":\"https:\/\/running.renewable-energies-world-race.com\/en\/?s={search_term_string}\"},\"query-input\":\"required name=search_term_string\"}],\"inLanguage\":\"en-US\"},{\"@type\":\"Organization\",\"@id\":\"https:\/\/running.renewable-energies-world-race.com\/en\/#organization\",\"name\":\"Renewable Energies Worlds Race\",\"url\":\"https:\/\/running.renewable-energies-world-race.com\/en\/\",\"logo\":{\"@type\":\"ImageObject\",\"inLanguage\":\"en-US\",\"@id\":\"https:\/\/running.renewable-energies-world-race.com\/en\/#\/schema\/logo\/image\/\",\"url\":\"https:\/\/running.renewable-energies-world-race.com\/wp-content\/uploads\/2024\/06\/LOGO_ENR_RUNNING_COLOR-1.png\",\"contentUrl\":\"https:\/\/running.renewable-energies-world-race.com\/wp-content\/uploads\/2024\/06\/LOGO_ENR_RUNNING_COLOR-1.png\",\"width\":2560,\"height\":1036,\"caption\":\"Renewable Energies Worlds Race\"},\"image\":{\"@id\":\"https:\/\/running.renewable-energies-world-race.com\/en\/#\/schema\/logo\/image\/\"}}]}<\/script>\n<!-- \/ Yoast SEO plugin. -->","yoast_head_json":{"title":"Site externe - Renewable Energies Worlds Race","robots":{"index":"index","follow":"follow","max-snippet":"max-snippet:-1","max-image-preview":"max-image-preview:large","max-video-preview":"max-video-preview:-1"},"canonical":"https:\/\/running.renewable-energies-world-race.com\/en\/","og_locale":"en_US","og_type":"article","og_title":"Site externe - Renewable Energies Worlds Race","og_description":"Download the 2026 Road Book Download the 2026 Road Book","og_url":"https:\/\/running.renewable-energies-world-race.com\/en\/","og_site_name":"Renewable Energies Worlds Race","article_modified_time":"2026-04-29T11:38:25+00:00","twitter_card":"summary_large_image","twitter_misc":{"Est. reading time":"2 minutes"},"schema":{"@context":"https:\/\/schema.org","@graph":[{"@type":"WebPage","@id":"https:\/\/running.renewable-energies-world-race.com\/en\/","url":"https:\/\/running.renewable-energies-world-race.com\/en\/","name":"Site externe - Renewable Energies Worlds Race","isPartOf":{"@id":"https:\/\/running.renewable-energies-world-race.com\/en\/#website"},"datePublished":"2024-12-04T08:38:18+00:00","dateModified":"2026-04-29T11:38:25+00:00","breadcrumb":{"@id":"https:\/\/running.renewable-energies-world-race.com\/en\/#breadcrumb"},"inLanguage":"en-US","potentialAction":[{"@type":"ReadAction","target":["https:\/\/running.renewable-energies-world-race.com\/en\/"]}]},{"@type":"BreadcrumbList","@id":"https:\/\/running.renewable-energies-world-race.com\/en\/#breadcrumb","itemListElement":[{"@type":"ListItem","position":1,"name":"Accueil","item":"https:\/\/running.renewable-energies-world-race.com\/en\/"},{"@type":"ListItem","position":2,"name":"Site externe"}]},{"@type":"WebSite","@id":"https:\/\/running.renewable-energies-world-race.com\/en\/#website","url":"https:\/\/running.renewable-energies-world-race.com\/en\/","name":"Renewable Energies Worlds Race","description":"","publisher":{"@id":"https:\/\/running.renewable-energies-world-race.com\/en\/#organization"},"potentialAction":[{"@type":"SearchAction","target":{"@type":"EntryPoint","urlTemplate":"https:\/\/running.renewable-energies-world-race.com\/en\/?s={search_term_string}"},"query-input":"required name=search_term_string"}],"inLanguage":"en-US"},{"@type":"Organization","@id":"https:\/\/running.renewable-energies-world-race.com\/en\/#organization","name":"Renewable Energies Worlds Race","url":"https:\/\/running.renewable-energies-world-race.com\/en\/","logo":{"@type":"ImageObject","inLanguage":"en-US","@id":"https:\/\/running.renewable-energies-world-race.com\/en\/#\/schema\/logo\/image\/","url":"https:\/\/running.renewable-energies-world-race.com\/wp-content\/uploads\/2024\/06\/LOGO_ENR_RUNNING_COLOR-1.png","contentUrl":"https:\/\/running.renewable-energies-world-race.com\/wp-content\/uploads\/2024\/06\/LOGO_ENR_RUNNING_COLOR-1.png","width":2560,"height":1036,"caption":"Renewable Energies Worlds Race"},"image":{"@id":"https:\/\/running.renewable-energies-world-race.com\/en\/#\/schema\/logo\/image\/"}}]}},"_links":{"self":[{"href":"https:\/\/running.renewable-energies-world-race.com\/en\/wp-json\/wp\/v2\/pages\/3802","targetHints":{"allow":["GET"]}}],"collection":[{"href":"https:\/\/running.renewable-energies-world-race.com\/en\/wp-json\/wp\/v2\/pages"}],"about":[{"href":"https:\/\/running.renewable-energies-world-race.com\/en\/wp-json\/wp\/v2\/types\/page"}],"author":[{"embeddable":true,"href":"https:\/\/running.renewable-energies-world-race.com\/en\/wp-json\/wp\/v2\/users\/2"}],"replies":[{"embeddable":true,"href":"https:\/\/running.renewable-energies-world-race.com\/en\/wp-json\/wp\/v2\/comments?post=3802"}],"version-history":[{"count":31,"href":"https:\/\/running.renewable-energies-world-race.com\/en\/wp-json\/wp\/v2\/pages\/3802\/revisions"}],"predecessor-version":[{"id":4416,"href":"https:\/\/running.renewable-energies-world-race.com\/en\/wp-json\/wp\/v2\/pages\/3802\/revisions\/4416"}],"wp:attachment":[{"href":"https:\/\/running.renewable-energies-world-race.com\/en\/wp-json\/wp\/v2\/media?parent=3802"}],"curies":[{"name":"wp","href":"https:\/\/api.w.org\/{rel}","templated":true}]}}